{"id":185,"date":"2018-12-10T20:13:48","date_gmt":"2018-12-10T20:13:48","guid":{"rendered":"https:\/\/agde-perle-noire-mediterranee.fr\/?page_id=185"},"modified":"2018-12-23T12:33:03","modified_gmt":"2018-12-23T11:33:03","slug":"acces","status":"publish","type":"page","link":"https:\/\/agde-perle-noire-mediterranee.fr\/?page_id=185","title":{"rendered":"Acc\u00e8s"},"content":{"rendered":"<p>Mobil Home 166<\/p>\n<p>Camping Parc des Sept Fonts<br \/>Chemin Fran\u00e7ois Fedou<br \/>34300 AGDE<\/p>\n<p>Tel : ( Sera transmis apr\u00e8s r\u00e9servation )<\/p>\n<p><strong>Localisation:<\/strong><\/p>\n<ul>\n<li>Gare d\u2019Agde \u00e0 4 kms<\/li>\n<li>A\u00e9roport de B\u00e9ziers \u00e0 17 kms<\/li>\n<li>A\u00e9roport de Montpellier \u00e0 57 kms<\/li>\n<\/ul>\n<p>\u00a0<\/p>\n<div class=\"wf-cell wf-span-3 wpb_column column_container \">\n<div class=\"wpb_text_column wpb_content_element \">\n<div class=\"wpb_wrapper\"><strong>Coordonn\u00e9es GPS:<\/strong>\n<div class=\"hr-thin\">\u00a0<\/div>\n<p>43.31123649267182\u00a0\/\u00a03.499166965484619<\/p>\n<\/div>\n<\/div>\n<\/div>\n\n<div class=\"su-gmap su-u-responsive-media-yes\"><iframe loading=\"lazy\" width=\"600\" height=\"400\" src=\"\/\/maps.google.com\/maps?q=%4043.3121812%2C3.4953797&amp;output=embed&amp;z=8\" title=\"\"><\/iframe><\/div>\n","protected":false},"excerpt":{"rendered":"<p>Mobil Home 166 Camping Parc des Sept FontsChemin Fran\u00e7ois Fedou34300 AGDE Tel : ( Sera transmis apr\u00e8s r\u00e9servation ) Localisation: Gare d\u2019Agde \u00e0 4 kms A\u00e9roport de B\u00e9ziers \u00e0 17 kms A\u00e9roport de Montpellier \u00e0 57 kms \u00a0 Coordonn\u00e9es GPS:<\/p>\n","protected":false},"author":1,"featured_media":0,"parent":0,"menu_order":0,"comment_status":"closed","ping_status":"closed","template":"","meta":{"_themeisle_gutenberg_block_has_review":false,"footnotes":""},"class_list":["post-185","page","type-page","status-publish","hentry"],"_links":{"self":[{"href":"https:\/\/agde-perle-noire-mediterranee.fr\/index.php?rest_route=\/wp\/v2\/pages\/185","targetHints":{"allow":["GET"]}}],"collection":[{"href":"https:\/\/agde-perle-noire-mediterranee.fr\/index.php?rest_route=\/wp\/v2\/pages"}],"about":[{"href":"https:\/\/agde-perle-noire-mediterranee.fr\/index.php?rest_route=\/wp\/v2\/types\/page"}],"author":[{"embeddable":true,"href":"https:\/\/agde-perle-noire-mediterranee.fr\/index.php?rest_route=\/wp\/v2\/users\/1"}],"replies":[{"embeddable":true,"href":"https:\/\/agde-perle-noire-mediterranee.fr\/index.php?rest_route=%2Fwp%2Fv2%2Fcomments&post=185"}],"version-history":[{"count":13,"href":"https:\/\/agde-perle-noire-mediterranee.fr\/index.php?rest_route=\/wp\/v2\/pages\/185\/revisions"}],"predecessor-version":[{"id":692,"href":"https:\/\/agde-perle-noire-mediterranee.fr\/index.php?rest_route=\/wp\/v2\/pages\/185\/revisions\/692"}],"wp:attachment":[{"href":"https:\/\/agde-perle-noire-mediterranee.fr\/index.php?rest_route=%2Fwp%2Fv2%2Fmedia&parent=185"}],"curies":[{"name":"wp","href":"https:\/\/api.w.org\/{rel}","templated":true}]}}